{"id":3067,"date":"2022-05-15T00:42:53","date_gmt":"2022-05-15T00:42:53","guid":{"rendered":"https:\/\/lagirlvenezuela.com\/LAG\/?post_type=product&#038;p=3067"},"modified":"2022-05-30T04:05:02","modified_gmt":"2022-05-30T04:05:02","slug":"brocha-para-difuminar-conica","status":"publish","type":"product","link":"https:\/\/lagirlvenezuela.com\/LAG\/brochas\/brocha-para-difuminar-conica\/","title":{"rendered":"Brocha para Difuminar C\u00f3nica"},"content":{"rendered":"<p>Las cerdas c\u00f3nicas sint\u00e9ticas\/naturales suavizan las l\u00edneas \u00e1speras y mezclan el color suavemente.<\/p>\n<p>Las brochas de <strong>L.A. Girl Pro. Brush<\/strong> est\u00e1n hechas a mano por h\u00e1biles maestros del cepillo, con mangos lacados brillantes personalizados de aut\u00e9ntica madera de abedul de bosques sostenibles.<\/p>\n<p>El cabello sint\u00e9tico excepcional, suave y de alta calidad brinda una excelente recolecci\u00f3n y rendimiento para una aplicaci\u00f3n precisa.<\/p>\n<p><em><span style=\"color: #ff99cc;\">Libre de crueldad y apto para veganos.\u00a0<\/span><\/em><\/p>\n","protected":false},"excerpt":{"rendered":"<p>Las cerdas c\u00f3nicas sint\u00e9ticas\/naturales suavizan las l\u00edneas \u00e1speras y mezclan el color suavemente. Las brochas de L.A. Girl Pro. Brush est\u00e1n hechas a mano por h\u00e1biles maestros del cepillo, con mangos lacados brillantes personalizados de aut\u00e9ntica madera de abedul de bosques sostenibles. El cabello sint\u00e9tico excepcional, suave y de alta calidad brinda una excelente recolecci\u00f3n [&hellip;]<\/p>\n","protected":false},"featured_media":3070,"template":"","meta":{"site-sidebar-layout":"default","site-content-layout":"default","ast-site-content-layout":"default","site-content-style":"default","site-sidebar-style":"default","ast-global-header-display":"","ast-banner-title-visibility":"","ast-main-header-display":"","ast-hfb-above-header-display":"","ast-hfb-below-header-display":"","ast-hfb-mobile-header-display":"","site-post-title":"","ast-breadcrumbs-content":"","ast-featured-img":"","footer-sml-layout":"","theme-transparent-header-meta":"default","adv-header-id-meta":"","stick-header-meta":"","header-above-stick-meta":"","header-main-stick-meta":"","header-below-stick-meta":"","astra-migrate-meta-layouts":"default","ast-page-background-enabled":"default","ast-page-background-meta":{"desktop":{"background-color":"","background-image":"","background-repeat":"repeat","background-position":"center center","background-size":"auto","background-attachment":"scroll","background-type":"","background-media":"","overlay-type":"","overlay-color":"","overlay-opacity":"","overlay-gradient":""},"tablet":{"background-color":"","background-image":"","background-repeat":"repeat","background-position":"center center","background-size":"auto","background-attachment":"scroll","background-type":"","background-media":"","overlay-type":"","overlay-color":"","overlay-opacity":"","overlay-gradient":""},"mobile":{"background-color":"","background-image":"","background-repeat":"repeat","background-position":"center center","background-size":"auto","background-attachment":"scroll","background-type":"","background-media":"","overlay-type":"","overlay-color":"","overlay-opacity":"","overlay-gradient":""}},"ast-content-background-meta":{"desktop":{"background-color":"var(--ast-global-color-5)","background-image":"","background-repeat":"repeat","background-position":"center center","background-size":"auto","background-attachment":"scroll","background-type":"","background-media":"","overlay-type":"","overlay-color":"","overlay-opacity":"","overlay-gradient":""},"tablet":{"background-color":"var(--ast-global-color-5)","background-image":"","background-repeat":"repeat","background-position":"center center","background-size":"auto","background-attachment":"scroll","background-type":"","background-media":"","overlay-type":"","overlay-color":"","overlay-opacity":"","overlay-gradient":""},"mobile":{"background-color":"var(--ast-global-color-5)","background-image":"","background-repeat":"repeat","background-position":"center center","background-size":"auto","background-attachment":"scroll","background-type":"","background-media":"","overlay-type":"","overlay-color":"","overlay-opacity":"","overlay-gradient":""}}},"product_brand":[],"product_cat":[58,61],"product_tag":[64],"class_list":{"0":"post-3067","1":"product","2":"type-product","3":"status-publish","4":"has-post-thumbnail","6":"product_cat-accesorios","7":"product_cat-brochas","8":"product_tag-brocha-para-difuminar-conica","9":"desktop-align-left","10":"tablet-align-left","11":"mobile-align-left","13":"first","14":"instock","15":"shipping-taxable","16":"product-type-simple"},"_links":{"self":[{"href":"https:\/\/lagirlvenezuela.com\/LAG\/wp-json\/wp\/v2\/product\/3067","targetHints":{"allow":["GET"]}}],"collection":[{"href":"https:\/\/lagirlvenezuela.com\/LAG\/wp-json\/wp\/v2\/product"}],"about":[{"href":"https:\/\/lagirlvenezuela.com\/LAG\/wp-json\/wp\/v2\/types\/product"}],"version-history":[{"count":6,"href":"https:\/\/lagirlvenezuela.com\/LAG\/wp-json\/wp\/v2\/product\/3067\/revisions"}],"predecessor-version":[{"id":3534,"href":"https:\/\/lagirlvenezuela.com\/LAG\/wp-json\/wp\/v2\/product\/3067\/revisions\/3534"}],"wp:featuredmedia":[{"embeddable":true,"href":"https:\/\/lagirlvenezuela.com\/LAG\/wp-json\/wp\/v2\/media\/3070"}],"wp:attachment":[{"href":"https:\/\/lagirlvenezuela.com\/LAG\/wp-json\/wp\/v2\/media?parent=3067"}],"wp:term":[{"taxonomy":"product_brand","embeddable":true,"href":"https:\/\/lagirlvenezuela.com\/LAG\/wp-json\/wp\/v2\/product_brand?post=3067"},{"taxonomy":"product_cat","embeddable":true,"href":"https:\/\/lagirlvenezuela.com\/LAG\/wp-json\/wp\/v2\/product_cat?post=3067"},{"taxonomy":"product_tag","embeddable":true,"href":"https:\/\/lagirlvenezuela.com\/LAG\/wp-json\/wp\/v2\/product_tag?post=3067"}],"curies":[{"name":"wp","href":"https:\/\/api.w.org\/{rel}","templated":true}]}}