{"id":3364,"date":"2022-05-28T02:47:08","date_gmt":"2022-05-28T02:47:08","guid":{"rendered":"https:\/\/lagirlvenezuela.com\/LAG\/?post_type=product&#038;p=3364"},"modified":"2022-06-01T03:38:07","modified_gmt":"2022-06-01T03:38:07","slug":"delineador-de-ojos-shockwave","status":"publish","type":"product","link":"https:\/\/lagirlvenezuela.com\/LAG\/delineadores\/delineador-de-ojos-shockwave\/","title":{"rendered":"Delineador de Ojos Shockwave Neon"},"content":{"rendered":"<p>Los colores sorprendentemente atrevidos se deslizan sobre un pigmento cremoso con un acabado de cobertura total que dura hasta 16 horas. Electrifica tu look con un toque de color v\u00edvido de la colecci\u00f3n Ne\u00f3n, o ilumina tus ojos con un brillo met\u00e1lico mate sensual de la colecci\u00f3n Metallic. El l\u00e1piz de pl\u00e1stico suave se puede afilar con un sacapuntas regular para una aplicaci\u00f3n precisa en todo momento. Prep\u00e1rate para crear looks que sorprenden.<\/p>\n<p>Deslice el l\u00e1piz desde la esquina interior hasta la esquina exterior del ojo, manteniendo el l\u00e1piz cerca de la l\u00ednea de las pesta\u00f1as. Para una apariencia difuminada, usa el pincel Difuminador y difumina el delineador antes de que se fije.<\/p>\n","protected":false},"excerpt":{"rendered":"<p>Los colores sorprendentemente atrevidos se deslizan sobre un pigmento cremoso con un acabado de cobertura total que dura hasta 16 horas. Electrifica tu look con un toque de color v\u00edvido de la colecci\u00f3n Ne\u00f3n, o ilumina tus ojos con un brillo met\u00e1lico mate sensual de la colecci\u00f3n Metallic. El l\u00e1piz de pl\u00e1stico suave se puede [&hellip;]<\/p>\n","protected":false},"featured_media":3365,"template":"","meta":{"site-sidebar-layout":"default","site-content-layout":"default","ast-site-content-layout":"default","site-content-style":"default","site-sidebar-style":"default","ast-global-header-display":"","ast-banner-title-visibility":"","ast-main-header-display":"","ast-hfb-above-header-display":"","ast-hfb-below-header-display":"","ast-hfb-mobile-header-display":"","site-post-title":"","ast-breadcrumbs-content":"","ast-featured-img":"","footer-sml-layout":"","theme-transparent-header-meta":"default","adv-header-id-meta":"","stick-header-meta":"","header-above-stick-meta":"","header-main-stick-meta":"","header-below-stick-meta":"","astra-migrate-meta-layouts":"default","ast-page-background-enabled":"default","ast-page-background-meta":{"desktop":{"background-color":"","background-image":"","background-repeat":"repeat","background-position":"center center","background-size":"auto","background-attachment":"scroll","background-type":"","background-media":"","overlay-type":"","overlay-color":"","overlay-opacity":"","overlay-gradient":""},"tablet":{"background-color":"","background-image":"","background-repeat":"repeat","background-position":"center center","background-size":"auto","background-attachment":"scroll","background-type":"","background-media":"","overlay-type":"","overlay-color":"","overlay-opacity":"","overlay-gradient":""},"mobile":{"background-color":"","background-image":"","background-repeat":"repeat","background-position":"center center","background-size":"auto","background-attachment":"scroll","background-type":"","background-media":"","overlay-type":"","overlay-color":"","overlay-opacity":"","overlay-gradient":""}},"ast-content-background-meta":{"desktop":{"background-color":"var(--ast-global-color-5)","background-image":"","background-repeat":"repeat","background-position":"center center","background-size":"auto","background-attachment":"scroll","background-type":"","background-media":"","overlay-type":"","overlay-color":"","overlay-opacity":"","overlay-gradient":""},"tablet":{"background-color":"var(--ast-global-color-5)","background-image":"","background-repeat":"repeat","background-position":"center center","background-size":"auto","background-attachment":"scroll","background-type":"","background-media":"","overlay-type":"","overlay-color":"","overlay-opacity":"","overlay-gradient":""},"mobile":{"background-color":"var(--ast-global-color-5)","background-image":"","background-repeat":"repeat","background-position":"center center","background-size":"auto","background-attachment":"scroll","background-type":"","background-media":"","overlay-type":"","overlay-color":"","overlay-opacity":"","overlay-gradient":""}}},"product_brand":[],"product_cat":[60,59],"product_tag":[168],"class_list":{"0":"post-3364","1":"product","2":"type-product","3":"status-publish","4":"has-post-thumbnail","6":"product_cat-delineadores","7":"product_cat-ojos","8":"product_tag-delineador-de-ojos-shockwave","9":"desktop-align-left","10":"tablet-align-left","11":"mobile-align-left","13":"first","14":"instock","15":"featured","16":"shipping-taxable","17":"product-type-variable"},"_links":{"self":[{"href":"https:\/\/lagirlvenezuela.com\/LAG\/wp-json\/wp\/v2\/product\/3364","targetHints":{"allow":["GET"]}}],"collection":[{"href":"https:\/\/lagirlvenezuela.com\/LAG\/wp-json\/wp\/v2\/product"}],"about":[{"href":"https:\/\/lagirlvenezuela.com\/LAG\/wp-json\/wp\/v2\/types\/product"}],"version-history":[{"count":3,"href":"https:\/\/lagirlvenezuela.com\/LAG\/wp-json\/wp\/v2\/product\/3364\/revisions"}],"predecessor-version":[{"id":3519,"href":"https:\/\/lagirlvenezuela.com\/LAG\/wp-json\/wp\/v2\/product\/3364\/revisions\/3519"}],"wp:featuredmedia":[{"embeddable":true,"href":"https:\/\/lagirlvenezuela.com\/LAG\/wp-json\/wp\/v2\/media\/3365"}],"wp:attachment":[{"href":"https:\/\/lagirlvenezuela.com\/LAG\/wp-json\/wp\/v2\/media?parent=3364"}],"wp:term":[{"taxonomy":"product_brand","embeddable":true,"href":"https:\/\/lagirlvenezuela.com\/LAG\/wp-json\/wp\/v2\/product_brand?post=3364"},{"taxonomy":"product_cat","embeddable":true,"href":"https:\/\/lagirlvenezuela.com\/LAG\/wp-json\/wp\/v2\/product_cat?post=3364"},{"taxonomy":"product_tag","embeddable":true,"href":"https:\/\/lagirlvenezuela.com\/LAG\/wp-json\/wp\/v2\/product_tag?post=3364"}],"curies":[{"name":"wp","href":"https:\/\/api.w.org\/{rel}","templated":true}]}}