{"id":3497,"date":"2022-05-30T02:57:55","date_gmt":"2022-05-30T02:57:55","guid":{"rendered":"https:\/\/lagirlvenezuela.com\/LAG\/?post_type=product&#038;p=3497"},"modified":"2024-08-07T15:23:19","modified_gmt":"2024-08-07T15:23:19","slug":"iluminador-velvet-contour","status":"publish","type":"product","link":"https:\/\/lagirlvenezuela.com\/LAG\/iluminador\/iluminador-velvet-contour\/","title":{"rendered":"Iluminador Velvet Contour"},"content":{"rendered":"<p>Contorneado f\u00e1cil con Velvet Contour Stick. Esta lujosa f\u00f3rmula no contiene parabenos y contiene aceite de semilla de jojoba, manteca de karit\u00e9, manteca de semilla de cacao y aceite de semilla de uva. \u00a1El suave acabado en polvo se combina maravillosamente para crear el contorno perfecto y un aspecto esculpido!<\/p>\n<p>Selecciona un tono de iluminador y apl\u00edcalo en una l\u00ednea vertical a lo largo del puente de la nariz y a lo largo del punto alto de tus p\u00f3mulos. Aplica el tono de rubor en tus mejillas y difumina. Aplique el tono bronceador directamente debajo del rubor y difumine.<\/p>\n","protected":false},"excerpt":{"rendered":"<p>Contorneado f\u00e1cil con Velvet Contour Stick. Esta lujosa f\u00f3rmula no contiene parabenos y contiene aceite de semilla de jojoba, manteca de karit\u00e9, manteca de semilla de cacao y aceite de semilla de uva. \u00a1El suave acabado en polvo se combina maravillosamente para crear el contorno perfecto y un aspecto esculpido! Selecciona un tono de iluminador [&hellip;]<\/p>\n","protected":false},"featured_media":3498,"template":"","meta":{"site-sidebar-layout":"default","site-content-layout":"default","ast-site-content-layout":"default","site-content-style":"default","site-sidebar-style":"default","ast-global-header-display":"","ast-banner-title-visibility":"","ast-main-header-display":"","ast-hfb-above-header-display":"","ast-hfb-below-header-display":"","ast-hfb-mobile-header-display":"","site-post-title":"","ast-breadcrumbs-content":"","ast-featured-img":"","footer-sml-layout":"","theme-transparent-header-meta":"default","adv-header-id-meta":"","stick-header-meta":"","header-above-stick-meta":"","header-main-stick-meta":"","header-below-stick-meta":"","astra-migrate-meta-layouts":"default","ast-page-background-enabled":"default","ast-page-background-meta":{"desktop":{"background-color":"","background-image":"","background-repeat":"repeat","background-position":"center center","background-size":"auto","background-attachment":"scroll","background-type":"","background-media":"","overlay-type":"","overlay-color":"","overlay-opacity":"","overlay-gradient":""},"tablet":{"background-color":"","background-image":"","background-repeat":"repeat","background-position":"center center","background-size":"auto","background-attachment":"scroll","background-type":"","background-media":"","overlay-type":"","overlay-color":"","overlay-opacity":"","overlay-gradient":""},"mobile":{"background-color":"","background-image":"","background-repeat":"repeat","background-position":"center center","background-size":"auto","background-attachment":"scroll","background-type":"","background-media":"","overlay-type":"","overlay-color":"","overlay-opacity":"","overlay-gradient":""}},"ast-content-background-meta":{"desktop":{"background-color":"var(--ast-global-color-5)","background-image":"","background-repeat":"repeat","background-position":"center center","background-size":"auto","background-attachment":"scroll","background-type":"","background-media":"","overlay-type":"","overlay-color":"","overlay-opacity":"","overlay-gradient":""},"tablet":{"background-color":"var(--ast-global-color-5)","background-image":"","background-repeat":"repeat","background-position":"center center","background-size":"auto","background-attachment":"scroll","background-type":"","background-media":"","overlay-type":"","overlay-color":"","overlay-opacity":"","overlay-gradient":""},"mobile":{"background-color":"var(--ast-global-color-5)","background-image":"","background-repeat":"repeat","background-position":"center center","background-size":"auto","background-attachment":"scroll","background-type":"","background-media":"","overlay-type":"","overlay-color":"","overlay-opacity":"","overlay-gradient":""}}},"product_brand":[],"product_cat":[209,56],"product_tag":[210],"class_list":{"0":"post-3497","1":"product","2":"type-product","3":"status-publish","4":"has-post-thumbnail","6":"product_cat-iluminador","7":"product_cat-rostro","8":"product_tag-iluminador-velvet-contour","9":"desktop-align-left","10":"tablet-align-left","11":"mobile-align-left","13":"first","14":"instock","15":"shipping-taxable","16":"product-type-variable","17":"has-default-attributes"},"_links":{"self":[{"href":"https:\/\/lagirlvenezuela.com\/LAG\/wp-json\/wp\/v2\/product\/3497","targetHints":{"allow":["GET"]}}],"collection":[{"href":"https:\/\/lagirlvenezuela.com\/LAG\/wp-json\/wp\/v2\/product"}],"about":[{"href":"https:\/\/lagirlvenezuela.com\/LAG\/wp-json\/wp\/v2\/types\/product"}],"version-history":[{"count":3,"href":"https:\/\/lagirlvenezuela.com\/LAG\/wp-json\/wp\/v2\/product\/3497\/revisions"}],"predecessor-version":[{"id":4072,"href":"https:\/\/lagirlvenezuela.com\/LAG\/wp-json\/wp\/v2\/product\/3497\/revisions\/4072"}],"wp:featuredmedia":[{"embeddable":true,"href":"https:\/\/lagirlvenezuela.com\/LAG\/wp-json\/wp\/v2\/media\/3498"}],"wp:attachment":[{"href":"https:\/\/lagirlvenezuela.com\/LAG\/wp-json\/wp\/v2\/media?parent=3497"}],"wp:term":[{"taxonomy":"product_brand","embeddable":true,"href":"https:\/\/lagirlvenezuela.com\/LAG\/wp-json\/wp\/v2\/product_brand?post=3497"},{"taxonomy":"product_cat","embeddable":true,"href":"https:\/\/lagirlvenezuela.com\/LAG\/wp-json\/wp\/v2\/product_cat?post=3497"},{"taxonomy":"product_tag","embeddable":true,"href":"https:\/\/lagirlvenezuela.com\/LAG\/wp-json\/wp\/v2\/product_tag?post=3497"}],"curies":[{"name":"wp","href":"https:\/\/api.w.org\/{rel}","templated":true}]}}