{"id":3537,"date":"2022-05-30T22:03:26","date_gmt":"2022-05-30T22:03:26","guid":{"rendered":"https:\/\/lagirlvenezuela.com\/LAG\/?post_type=product&#038;p=3537"},"modified":"2022-05-30T22:03:26","modified_gmt":"2022-05-30T22:03:26","slug":"primer-pro-prep","status":"publish","type":"product","link":"https:\/\/lagirlvenezuela.com\/LAG\/primer\/primer-pro-prep\/","title":{"rendered":"Primer PRO. Prep"},"content":{"rendered":"<p>Haz que tu maquillaje dure todo el d\u00eda con la prebase suavizante para el rostro, Pro. Prep Primer crea una apariencia suave al rellenar las l\u00edneas finas y los poros mientras proporciona la superficie perfecta para la base. Formulado con part\u00edculas que difunden la luz y vitamina E que nutre la piel, este primer le brinda un acabado impecable dentro o fuera de la c\u00e1mara.<\/p>\n<p>-Ligero y f\u00e1cil de aplicar<br \/>\n-Libre de parabenos y fragancias<br \/>\n-Suaviza la piel y realza el maquillaje.<br \/>\n-Ayuda a que el maquillaje permanezca m\u00e1s tiempo<\/p>\n<p>Aplica sobre la piel limpia o hidratada antes de la aplicaci\u00f3n del maquillaje.<\/p>\n","protected":false},"excerpt":{"rendered":"<p>Haz que tu maquillaje dure todo el d\u00eda con la prebase suavizante para el rostro, Pro. Prep Primer crea una apariencia suave al rellenar las l\u00edneas finas y los poros mientras proporciona la superficie perfecta para la base. Formulado con part\u00edculas que difunden la luz y vitamina E que nutre la piel, este primer le [&hellip;]<\/p>\n","protected":false},"featured_media":3540,"template":"","meta":{"site-sidebar-layout":"default","site-content-layout":"default","ast-site-content-layout":"default","site-content-style":"default","site-sidebar-style":"default","ast-global-header-display":"","ast-banner-title-visibility":"","ast-main-header-display":"","ast-hfb-above-header-display":"","ast-hfb-below-header-display":"","ast-hfb-mobile-header-display":"","site-post-title":"","ast-breadcrumbs-content":"","ast-featured-img":"","footer-sml-layout":"","theme-transparent-header-meta":"default","adv-header-id-meta":"","stick-header-meta":"","header-above-stick-meta":"","header-main-stick-meta":"","header-below-stick-meta":"","astra-migrate-meta-layouts":"default","ast-page-background-enabled":"default","ast-page-background-meta":{"desktop":{"background-color":"","background-image":"","background-repeat":"repeat","background-position":"center center","background-size":"auto","background-attachment":"scroll","background-type":"","background-media":"","overlay-type":"","overlay-color":"","overlay-opacity":"","overlay-gradient":""},"tablet":{"background-color":"","background-image":"","background-repeat":"repeat","background-position":"center center","background-size":"auto","background-attachment":"scroll","background-type":"","background-media":"","overlay-type":"","overlay-color":"","overlay-opacity":"","overlay-gradient":""},"mobile":{"background-color":"","background-image":"","background-repeat":"repeat","background-position":"center center","background-size":"auto","background-attachment":"scroll","background-type":"","background-media":"","overlay-type":"","overlay-color":"","overlay-opacity":"","overlay-gradient":""}},"ast-content-background-meta":{"desktop":{"background-color":"var(--ast-global-color-5)","background-image":"","background-repeat":"repeat","background-position":"center center","background-size":"auto","background-attachment":"scroll","background-type":"","background-media":"","overlay-type":"","overlay-color":"","overlay-opacity":"","overlay-gradient":""},"tablet":{"background-color":"var(--ast-global-color-5)","background-image":"","background-repeat":"repeat","background-position":"center center","background-size":"auto","background-attachment":"scroll","background-type":"","background-media":"","overlay-type":"","overlay-color":"","overlay-opacity":"","overlay-gradient":""},"mobile":{"background-color":"var(--ast-global-color-5)","background-image":"","background-repeat":"repeat","background-position":"center center","background-size":"auto","background-attachment":"scroll","background-type":"","background-media":"","overlay-type":"","overlay-color":"","overlay-opacity":"","overlay-gradient":""}}},"product_brand":[],"product_cat":[219,56],"product_tag":[220],"class_list":{"0":"post-3537","1":"product","2":"type-product","3":"status-publish","4":"has-post-thumbnail","6":"product_cat-primer","7":"product_cat-rostro","8":"product_tag-primer-pro-prep","9":"desktop-align-left","10":"tablet-align-left","11":"mobile-align-left","13":"first","14":"instock","15":"shipping-taxable","16":"product-type-simple"},"_links":{"self":[{"href":"https:\/\/lagirlvenezuela.com\/LAG\/wp-json\/wp\/v2\/product\/3537","targetHints":{"allow":["GET"]}}],"collection":[{"href":"https:\/\/lagirlvenezuela.com\/LAG\/wp-json\/wp\/v2\/product"}],"about":[{"href":"https:\/\/lagirlvenezuela.com\/LAG\/wp-json\/wp\/v2\/types\/product"}],"version-history":[{"count":1,"href":"https:\/\/lagirlvenezuela.com\/LAG\/wp-json\/wp\/v2\/product\/3537\/revisions"}],"predecessor-version":[{"id":3538,"href":"https:\/\/lagirlvenezuela.com\/LAG\/wp-json\/wp\/v2\/product\/3537\/revisions\/3538"}],"wp:featuredmedia":[{"embeddable":true,"href":"https:\/\/lagirlvenezuela.com\/LAG\/wp-json\/wp\/v2\/media\/3540"}],"wp:attachment":[{"href":"https:\/\/lagirlvenezuela.com\/LAG\/wp-json\/wp\/v2\/media?parent=3537"}],"wp:term":[{"taxonomy":"product_brand","embeddable":true,"href":"https:\/\/lagirlvenezuela.com\/LAG\/wp-json\/wp\/v2\/product_brand?post=3537"},{"taxonomy":"product_cat","embeddable":true,"href":"https:\/\/lagirlvenezuela.com\/LAG\/wp-json\/wp\/v2\/product_cat?post=3537"},{"taxonomy":"product_tag","embeddable":true,"href":"https:\/\/lagirlvenezuela.com\/LAG\/wp-json\/wp\/v2\/product_tag?post=3537"}],"curies":[{"name":"wp","href":"https:\/\/api.w.org\/{rel}","templated":true}]}}