{"id":3546,"date":"2022-05-30T22:40:54","date_gmt":"2022-05-30T22:40:54","guid":{"rendered":"https:\/\/lagirlvenezuela.com\/LAG\/?post_type=product&#038;p=3546"},"modified":"2022-05-30T23:40:18","modified_gmt":"2022-05-30T23:40:18","slug":"base-iluminadora-pro-coverage","status":"publish","type":"product","link":"https:\/\/lagirlvenezuela.com\/LAG\/iluminador\/base-iluminadora-pro-coverage\/","title":{"rendered":"Base iluminadora PRO. Coverage"},"content":{"rendered":"<p>La base de maquillaje l\u00edquida iluminadora de larga duraci\u00f3n de alta definici\u00f3n PRO.coverage es ideal para un acabado impecable y de cobertura completa. La f\u00f3rmula ligera es c\u00f3moda para usar todo el d\u00eda. La f\u00f3rmula libre de parabenos con antioxidantes agregados ayuda a hidratar y mejorar la apariencia de la piel. Ahora disponible para ampliar a\u00fan m\u00e1s la gama de colores, un innovador mezclador de base blanca para ajustar y personalizar el color.<\/p>\n<p>Aplicar por todo el rostro con brocha o esponja.<\/p>\n<p>Los mejores resultados para usar todo el d\u00eda: prepare la piel con L.A. Girl Pro.prep Face Primer, aplique Pro.coverage Foundation, aplique L.A. Girl Pro Conceal corrector, fije con L.A. Girl PRO.Face Pressed Powder, selle el maquillaje rociando uniformemente L.A. Girl PRO .Spray fijador.<\/p>\n<p>Consejo de base blanca: la base blanca se puede usar con cualquier tono para crear un color personalizado para aclarar seg\u00fan sea necesario. \u00a1Lleva f\u00e1cilmente tu color de base de verano al oto\u00f1o y al invierno!<\/p>\n","protected":false},"excerpt":{"rendered":"<p>La base de maquillaje l\u00edquida iluminadora de larga duraci\u00f3n de alta definici\u00f3n PRO.coverage es ideal para un acabado impecable y de cobertura completa. La f\u00f3rmula ligera es c\u00f3moda para usar todo el d\u00eda. La f\u00f3rmula libre de parabenos con antioxidantes agregados ayuda a hidratar y mejorar la apariencia de la piel. Ahora disponible para ampliar [&hellip;]<\/p>\n","protected":false},"featured_media":3548,"template":"","meta":{"site-sidebar-layout":"default","site-content-layout":"default","ast-site-content-layout":"default","site-content-style":"default","site-sidebar-style":"default","ast-global-header-display":"","ast-banner-title-visibility":"","ast-main-header-display":"","ast-hfb-above-header-display":"","ast-hfb-below-header-display":"","ast-hfb-mobile-header-display":"","site-post-title":"","ast-breadcrumbs-content":"","ast-featured-img":"","footer-sml-layout":"","theme-transparent-header-meta":"default","adv-header-id-meta":"","stick-header-meta":"","header-above-stick-meta":"","header-main-stick-meta":"","header-below-stick-meta":"","astra-migrate-meta-layouts":"default","ast-page-background-enabled":"default","ast-page-background-meta":{"desktop":{"background-color":"","background-image":"","background-repeat":"repeat","background-position":"center center","background-size":"auto","background-attachment":"scroll","background-type":"","background-media":"","overlay-type":"","overlay-color":"","overlay-opacity":"","overlay-gradient":""},"tablet":{"background-color":"","background-image":"","background-repeat":"repeat","background-position":"center center","background-size":"auto","background-attachment":"scroll","background-type":"","background-media":"","overlay-type":"","overlay-color":"","overlay-opacity":"","overlay-gradient":""},"mobile":{"background-color":"","background-image":"","background-repeat":"repeat","background-position":"center center","background-size":"auto","background-attachment":"scroll","background-type":"","background-media":"","overlay-type":"","overlay-color":"","overlay-opacity":"","overlay-gradient":""}},"ast-content-background-meta":{"desktop":{"background-color":"var(--ast-global-color-5)","background-image":"","background-repeat":"repeat","background-position":"center center","background-size":"auto","background-attachment":"scroll","background-type":"","background-media":"","overlay-type":"","overlay-color":"","overlay-opacity":"","overlay-gradient":""},"tablet":{"background-color":"var(--ast-global-color-5)","background-image":"","background-repeat":"repeat","background-position":"center center","background-size":"auto","background-attachment":"scroll","background-type":"","background-media":"","overlay-type":"","overlay-color":"","overlay-opacity":"","overlay-gradient":""},"mobile":{"background-color":"var(--ast-global-color-5)","background-image":"","background-repeat":"repeat","background-position":"center center","background-size":"auto","background-attachment":"scroll","background-type":"","background-media":"","overlay-type":"","overlay-color":"","overlay-opacity":"","overlay-gradient":""}}},"product_brand":[],"product_cat":[209,56],"product_tag":[229],"class_list":{"0":"post-3546","1":"product","2":"type-product","3":"status-publish","4":"has-post-thumbnail","6":"product_cat-iluminador","7":"product_cat-rostro","8":"product_tag-base-iluminadora-pro-coverage","9":"desktop-align-left","10":"tablet-align-left","11":"mobile-align-left","13":"first","14":"instock","15":"shipping-taxable","16":"product-type-variable"},"_links":{"self":[{"href":"https:\/\/lagirlvenezuela.com\/LAG\/wp-json\/wp\/v2\/product\/3546","targetHints":{"allow":["GET"]}}],"collection":[{"href":"https:\/\/lagirlvenezuela.com\/LAG\/wp-json\/wp\/v2\/product"}],"about":[{"href":"https:\/\/lagirlvenezuela.com\/LAG\/wp-json\/wp\/v2\/types\/product"}],"version-history":[{"count":1,"href":"https:\/\/lagirlvenezuela.com\/LAG\/wp-json\/wp\/v2\/product\/3546\/revisions"}],"predecessor-version":[{"id":3554,"href":"https:\/\/lagirlvenezuela.com\/LAG\/wp-json\/wp\/v2\/product\/3546\/revisions\/3554"}],"wp:featuredmedia":[{"embeddable":true,"href":"https:\/\/lagirlvenezuela.com\/LAG\/wp-json\/wp\/v2\/media\/3548"}],"wp:attachment":[{"href":"https:\/\/lagirlvenezuela.com\/LAG\/wp-json\/wp\/v2\/media?parent=3546"}],"wp:term":[{"taxonomy":"product_brand","embeddable":true,"href":"https:\/\/lagirlvenezuela.com\/LAG\/wp-json\/wp\/v2\/product_brand?post=3546"},{"taxonomy":"product_cat","embeddable":true,"href":"https:\/\/lagirlvenezuela.com\/LAG\/wp-json\/wp\/v2\/product_cat?post=3546"},{"taxonomy":"product_tag","embeddable":true,"href":"https:\/\/lagirlvenezuela.com\/LAG\/wp-json\/wp\/v2\/product_tag?post=3546"}],"curies":[{"name":"wp","href":"https:\/\/api.w.org\/{rel}","templated":true}]}}