{"id":3934,"date":"2023-05-19T13:11:16","date_gmt":"2023-05-19T13:11:16","guid":{"rendered":"https:\/\/lagirlvenezuela.com\/LAG\/?post_type=product&#038;p=3934"},"modified":"2023-07-14T19:18:56","modified_gmt":"2023-07-14T19:18:56","slug":"esmalte-gel-extreme-shine","status":"publish","type":"product","link":"https:\/\/lagirlvenezuela.com\/LAG\/unas\/esmalte-gel-extreme-shine\/","title":{"rendered":"Esmalte GEL EXTREME SHINE"},"content":{"rendered":"<p>El esmalte L.A Girl GEL EXTREME SHINE te ofrece un brillo extremo y una duraci\u00f3n prolongada. Su f\u00f3rmula enriquecida con aceite de coco y vitamina E nutre y fortalece tus u\u00f1as, mientras que su pincel de alta precisi\u00f3n permite una aplicaci\u00f3n f\u00e1cil y uniforme. Adem\u00e1s, este esmalte se seca r\u00e1pidamente y no requiere l\u00e1mpara UV para su fijaci\u00f3n. Disponible en una amplia gama de colores vibrantes y modernos, el esmalte L.A Girl GEL EXTREME SHINE es perfecto para lucir unas u\u00f1as impecables y brillantes en cualquier ocasi\u00f3n.<br \/>\n\u00a1Haz que tus manos hablen por ti con L.A Girl!<\/p>\n","protected":false},"excerpt":{"rendered":"<p>El esmalte L.A Girl GEL EXTREME SHINE te ofrece un brillo extremo y una duraci\u00f3n prolongada. Su f\u00f3rmula enriquecida con aceite de coco y vitamina E nutre y fortalece tus u\u00f1as, mientras que su pincel de alta precisi\u00f3n permite una aplicaci\u00f3n f\u00e1cil y uniforme. Adem\u00e1s, este esmalte se seca r\u00e1pidamente y no requiere l\u00e1mpara UV [&hellip;]<\/p>\n","protected":false},"featured_media":3966,"template":"","meta":{"site-sidebar-layout":"default","site-content-layout":"default","ast-site-content-layout":"default","site-content-style":"default","site-sidebar-style":"default","ast-global-header-display":"","ast-banner-title-visibility":"","ast-main-header-display":"","ast-hfb-above-header-display":"","ast-hfb-below-header-display":"","ast-hfb-mobile-header-display":"","site-post-title":"","ast-breadcrumbs-content":"","ast-featured-img":"","footer-sml-layout":"","theme-transparent-header-meta":"default","adv-header-id-meta":"","stick-header-meta":"","header-above-stick-meta":"","header-main-stick-meta":"","header-below-stick-meta":"","astra-migrate-meta-layouts":"default","ast-page-background-enabled":"default","ast-page-background-meta":{"desktop":{"background-color":"","background-image":"","background-repeat":"repeat","background-position":"center center","background-size":"auto","background-attachment":"scroll","background-type":"","background-media":"","overlay-type":"","overlay-color":"","overlay-opacity":"","overlay-gradient":""},"tablet":{"background-color":"","background-image":"","background-repeat":"repeat","background-position":"center center","background-size":"auto","background-attachment":"scroll","background-type":"","background-media":"","overlay-type":"","overlay-color":"","overlay-opacity":"","overlay-gradient":""},"mobile":{"background-color":"","background-image":"","background-repeat":"repeat","background-position":"center center","background-size":"auto","background-attachment":"scroll","background-type":"","background-media":"","overlay-type":"","overlay-color":"","overlay-opacity":"","overlay-gradient":""}},"ast-content-background-meta":{"desktop":{"background-color":"var(--ast-global-color-5)","background-image":"","background-repeat":"repeat","background-position":"center center","background-size":"auto","background-attachment":"scroll","background-type":"","background-media":"","overlay-type":"","overlay-color":"","overlay-opacity":"","overlay-gradient":""},"tablet":{"background-color":"var(--ast-global-color-5)","background-image":"","background-repeat":"repeat","background-position":"center center","background-size":"auto","background-attachment":"scroll","background-type":"","background-media":"","overlay-type":"","overlay-color":"","overlay-opacity":"","overlay-gradient":""},"mobile":{"background-color":"var(--ast-global-color-5)","background-image":"","background-repeat":"repeat","background-position":"center center","background-size":"auto","background-attachment":"scroll","background-type":"","background-media":"","overlay-type":"","overlay-color":"","overlay-opacity":"","overlay-gradient":""}}},"product_brand":[],"product_cat":[15,273],"product_tag":[275],"class_list":{"0":"post-3934","1":"product","2":"type-product","3":"status-publish","4":"has-post-thumbnail","6":"product_cat-esmaltes-gel-extreme-shine","7":"product_cat-unas","8":"product_tag-esmalte-gel-extreme-shine","9":"desktop-align-left","10":"tablet-align-left","11":"mobile-align-left","13":"first","14":"instock","15":"shipping-taxable","16":"product-type-variable"},"_links":{"self":[{"href":"https:\/\/lagirlvenezuela.com\/LAG\/wp-json\/wp\/v2\/product\/3934","targetHints":{"allow":["GET"]}}],"collection":[{"href":"https:\/\/lagirlvenezuela.com\/LAG\/wp-json\/wp\/v2\/product"}],"about":[{"href":"https:\/\/lagirlvenezuela.com\/LAG\/wp-json\/wp\/v2\/types\/product"}],"version-history":[{"count":1,"href":"https:\/\/lagirlvenezuela.com\/LAG\/wp-json\/wp\/v2\/product\/3934\/revisions"}],"predecessor-version":[{"id":3943,"href":"https:\/\/lagirlvenezuela.com\/LAG\/wp-json\/wp\/v2\/product\/3934\/revisions\/3943"}],"wp:featuredmedia":[{"embeddable":true,"href":"https:\/\/lagirlvenezuela.com\/LAG\/wp-json\/wp\/v2\/media\/3966"}],"wp:attachment":[{"href":"https:\/\/lagirlvenezuela.com\/LAG\/wp-json\/wp\/v2\/media?parent=3934"}],"wp:term":[{"taxonomy":"product_brand","embeddable":true,"href":"https:\/\/lagirlvenezuela.com\/LAG\/wp-json\/wp\/v2\/product_brand?post=3934"},{"taxonomy":"product_cat","embeddable":true,"href":"https:\/\/lagirlvenezuela.com\/LAG\/wp-json\/wp\/v2\/product_cat?post=3934"},{"taxonomy":"product_tag","embeddable":true,"href":"https:\/\/lagirlvenezuela.com\/LAG\/wp-json\/wp\/v2\/product_tag?post=3934"}],"curies":[{"name":"wp","href":"https:\/\/api.w.org\/{rel}","templated":true}]}}