{"id":4089,"date":"2024-08-07T15:37:44","date_gmt":"2024-08-07T15:37:44","guid":{"rendered":"https:\/\/lagirlvenezuela.com\/LAG\/?post_type=product&#038;p=4089"},"modified":"2024-08-07T15:37:44","modified_gmt":"2024-08-07T15:37:44","slug":"soft-matte-cream-blush","status":"publish","type":"product","link":"https:\/\/lagirlvenezuela.com\/LAG\/rostro\/soft-matte-cream-blush\/","title":{"rendered":"Soft Matte Cream Blush"},"content":{"rendered":"<p>Soft Matte Cream Blush da color a tus mejillas en cualquier \u00e9poca del a\u00f1o. Su textura cremosa y gelatinosa se adapta a todo tipo de pieles y se difumina hasta conseguir un suave acabado mate que aporta un toque de color a mejillas y labios. Este pigmento modulable y de larga duraci\u00f3n puede usarse suavemente para dar un toque de color a las mejillas o para dar un toque de color que te deje sonrojada y ruborizada todo el d\u00eda. El aceite de semilla de jojoba y la vitamina E a\u00f1adidos mantienen la piel hidratada y radiante desde el interior. Utiliza el aplicador en forma de aguja para aplicar el color directamente en las mejillas y los labios y difum\u00ednalo con el aplicador de maquillaje que prefieras. Cream Blush est\u00e1 disponible en una gama de colores que har\u00e1 sonrojar a cualquiera.<\/p>\n<p>Colorete difuminable y de larga duraci\u00f3n<br \/>\nF\u00f3rmula suave, cremosa y gelatinosa<br \/>\nAplicador en forma de aguja<br \/>\nSeca hasta conseguir un suave acabado mate<br \/>\nAplicador f\u00e1cil de usar<br \/>\nPuede usarse en mejillas o labios<br \/>\nAceite de semilla de jojoba y vitamina E<br \/>\nSin crueldad, sin parabenos y vegano<\/p>\n","protected":false},"excerpt":{"rendered":"<p>Soft Matte Cream Blush da color a tus mejillas en cualquier \u00e9poca del a\u00f1o. Su textura cremosa y gelatinosa se adapta a todo tipo de pieles y se difumina hasta conseguir un suave acabado mate que aporta un toque de color a mejillas y labios. Este pigmento modulable y de larga duraci\u00f3n puede usarse suavemente [&hellip;]<\/p>\n","protected":false},"featured_media":4092,"template":"","meta":{"site-sidebar-layout":"default","site-content-layout":"default","ast-site-content-layout":"default","site-content-style":"default","site-sidebar-style":"default","ast-global-header-display":"","ast-banner-title-visibility":"","ast-main-header-display":"","ast-hfb-above-header-display":"","ast-hfb-below-header-display":"","ast-hfb-mobile-header-display":"","site-post-title":"","ast-breadcrumbs-content":"","ast-featured-img":"","footer-sml-layout":"","theme-transparent-header-meta":"default","adv-header-id-meta":"","stick-header-meta":"","header-above-stick-meta":"","header-main-stick-meta":"","header-below-stick-meta":"","astra-migrate-meta-layouts":"default","ast-page-background-enabled":"default","ast-page-background-meta":{"desktop":{"background-color":"","background-image":"","background-repeat":"repeat","background-position":"center center","background-size":"auto","background-attachment":"scroll","background-type":"","background-media":"","overlay-type":"","overlay-color":"","overlay-opacity":"","overlay-gradient":""},"tablet":{"background-color":"","background-image":"","background-repeat":"repeat","background-position":"center center","background-size":"auto","background-attachment":"scroll","background-type":"","background-media":"","overlay-type":"","overlay-color":"","overlay-opacity":"","overlay-gradient":""},"mobile":{"background-color":"","background-image":"","background-repeat":"repeat","background-position":"center center","background-size":"auto","background-attachment":"scroll","background-type":"","background-media":"","overlay-type":"","overlay-color":"","overlay-opacity":"","overlay-gradient":""}},"ast-content-background-meta":{"desktop":{"background-color":"var(--ast-global-color-5)","background-image":"","background-repeat":"repeat","background-position":"center center","background-size":"auto","background-attachment":"scroll","background-type":"","background-media":"","overlay-type":"","overlay-color":"","overlay-opacity":"","overlay-gradient":""},"tablet":{"background-color":"var(--ast-global-color-5)","background-image":"","background-repeat":"repeat","background-position":"center center","background-size":"auto","background-attachment":"scroll","background-type":"","background-media":"","overlay-type":"","overlay-color":"","overlay-opacity":"","overlay-gradient":""},"mobile":{"background-color":"var(--ast-global-color-5)","background-image":"","background-repeat":"repeat","background-position":"center center","background-size":"auto","background-attachment":"scroll","background-type":"","background-media":"","overlay-type":"","overlay-color":"","overlay-opacity":"","overlay-gradient":""}}},"product_brand":[],"product_cat":[56],"product_tag":[],"class_list":{"0":"post-4089","1":"product","2":"type-product","3":"status-publish","4":"has-post-thumbnail","6":"product_cat-rostro","7":"desktop-align-left","8":"tablet-align-left","9":"mobile-align-left","11":"first","12":"instock","13":"shipping-taxable","14":"product-type-variable"},"_links":{"self":[{"href":"https:\/\/lagirlvenezuela.com\/LAG\/wp-json\/wp\/v2\/product\/4089","targetHints":{"allow":["GET"]}}],"collection":[{"href":"https:\/\/lagirlvenezuela.com\/LAG\/wp-json\/wp\/v2\/product"}],"about":[{"href":"https:\/\/lagirlvenezuela.com\/LAG\/wp-json\/wp\/v2\/types\/product"}],"version-history":[{"count":1,"href":"https:\/\/lagirlvenezuela.com\/LAG\/wp-json\/wp\/v2\/product\/4089\/revisions"}],"predecessor-version":[{"id":4102,"href":"https:\/\/lagirlvenezuela.com\/LAG\/wp-json\/wp\/v2\/product\/4089\/revisions\/4102"}],"wp:featuredmedia":[{"embeddable":true,"href":"https:\/\/lagirlvenezuela.com\/LAG\/wp-json\/wp\/v2\/media\/4092"}],"wp:attachment":[{"href":"https:\/\/lagirlvenezuela.com\/LAG\/wp-json\/wp\/v2\/media?parent=4089"}],"wp:term":[{"taxonomy":"product_brand","embeddable":true,"href":"https:\/\/lagirlvenezuela.com\/LAG\/wp-json\/wp\/v2\/product_brand?post=4089"},{"taxonomy":"product_cat","embeddable":true,"href":"https:\/\/lagirlvenezuela.com\/LAG\/wp-json\/wp\/v2\/product_cat?post=4089"},{"taxonomy":"product_tag","embeddable":true,"href":"https:\/\/lagirlvenezuela.com\/LAG\/wp-json\/wp\/v2\/product_tag?post=4089"}],"curies":[{"name":"wp","href":"https:\/\/api.w.org\/{rel}","templated":true}]}}