{"id":4114,"date":"2024-08-09T18:59:27","date_gmt":"2024-08-09T18:59:27","guid":{"rendered":"https:\/\/lagirlvenezuela.com\/LAG\/?post_type=product&#038;p=4114"},"modified":"2024-08-09T19:01:09","modified_gmt":"2024-08-09T19:01:09","slug":"pro-matte","status":"publish","type":"product","link":"https:\/\/lagirlvenezuela.com\/LAG\/base\/pro-matte\/","title":{"rendered":"PRO.matte"},"content":{"rendered":"<p>Mate y uniforme. La base de maquillaje PRO.matte de L.A. Girl es tu nueva opci\u00f3n para conseguir un rostro impecable y duradero. Con un acabado sin brillos y similar al ante, tendr\u00e1s una cobertura suave y modulable que parece mate, pero nunca seca. Esta base de maquillaje no s\u00f3lo minimiza el aspecto de los poros y las l\u00edneas de expresi\u00f3n gracias a su f\u00f3rmula de enfoque suave, sino que tambi\u00e9n contiene vitamina E, B5 y aceite de girasol para dejar la piel suave e hidratada. \u00dasala con confianza, porque como todo buen \u00abride or die\u00bb, te tenemos cubierta.<\/p>\n<p>Base de maquillaje de cobertura media a total<br \/>\nAcabado aterciopelado<br \/>\nCobertura modulable de larga duraci\u00f3n<br \/>\nVitamina E, B5 y aceite de girasol a\u00f1adidos<br \/>\nIdeal para pieles normales a grasas<br \/>\nSin perfume<br \/>\nSin crueldad, sin parabenos y vegano<\/p>\n<p>Traducci\u00f3n realizada con la versi\u00f3n gratuita del traductor DeepL.com<\/p>\n","protected":false},"excerpt":{"rendered":"<p>Mate y uniforme. La base de maquillaje PRO.matte de L.A. Girl es tu nueva opci\u00f3n para conseguir un rostro impecable y duradero. Con un acabado sin brillos y similar al ante, tendr\u00e1s una cobertura suave y modulable que parece mate, pero nunca seca. Esta base de maquillaje no s\u00f3lo minimiza el aspecto de los poros [&hellip;]<\/p>\n","protected":false},"featured_media":4126,"template":"","meta":{"site-sidebar-layout":"default","site-content-layout":"default","ast-site-content-layout":"default","site-content-style":"default","site-sidebar-style":"default","ast-global-header-display":"","ast-banner-title-visibility":"","ast-main-header-display":"","ast-hfb-above-header-display":"","ast-hfb-below-header-display":"","ast-hfb-mobile-header-display":"","site-post-title":"","ast-breadcrumbs-content":"","ast-featured-img":"","footer-sml-layout":"","theme-transparent-header-meta":"default","adv-header-id-meta":"","stick-header-meta":"","header-above-stick-meta":"","header-main-stick-meta":"","header-below-stick-meta":"","astra-migrate-meta-layouts":"default","ast-page-background-enabled":"default","ast-page-background-meta":{"desktop":{"background-color":"","background-image":"","background-repeat":"repeat","background-position":"center center","background-size":"auto","background-attachment":"scroll","background-type":"","background-media":"","overlay-type":"","overlay-color":"","overlay-opacity":"","overlay-gradient":""},"tablet":{"background-color":"","background-image":"","background-repeat":"repeat","background-position":"center center","background-size":"auto","background-attachment":"scroll","background-type":"","background-media":"","overlay-type":"","overlay-color":"","overlay-opacity":"","overlay-gradient":""},"mobile":{"background-color":"","background-image":"","background-repeat":"repeat","background-position":"center center","background-size":"auto","background-attachment":"scroll","background-type":"","background-media":"","overlay-type":"","overlay-color":"","overlay-opacity":"","overlay-gradient":""}},"ast-content-background-meta":{"desktop":{"background-color":"var(--ast-global-color-5)","background-image":"","background-repeat":"repeat","background-position":"center center","background-size":"auto","background-attachment":"scroll","background-type":"","background-media":"","overlay-type":"","overlay-color":"","overlay-opacity":"","overlay-gradient":""},"tablet":{"background-color":"var(--ast-global-color-5)","background-image":"","background-repeat":"repeat","background-position":"center center","background-size":"auto","background-attachment":"scroll","background-type":"","background-media":"","overlay-type":"","overlay-color":"","overlay-opacity":"","overlay-gradient":""},"mobile":{"background-color":"var(--ast-global-color-5)","background-image":"","background-repeat":"repeat","background-position":"center center","background-size":"auto","background-attachment":"scroll","background-type":"","background-media":"","overlay-type":"","overlay-color":"","overlay-opacity":"","overlay-gradient":""}}},"product_brand":[],"product_cat":[230,56],"product_tag":[],"class_list":{"0":"post-4114","1":"product","2":"type-product","3":"status-publish","4":"has-post-thumbnail","6":"product_cat-base","7":"product_cat-rostro","8":"desktop-align-left","9":"tablet-align-left","10":"mobile-align-left","12":"first","13":"instock","14":"shipping-taxable","15":"product-type-variable"},"_links":{"self":[{"href":"https:\/\/lagirlvenezuela.com\/LAG\/wp-json\/wp\/v2\/product\/4114","targetHints":{"allow":["GET"]}}],"collection":[{"href":"https:\/\/lagirlvenezuela.com\/LAG\/wp-json\/wp\/v2\/product"}],"about":[{"href":"https:\/\/lagirlvenezuela.com\/LAG\/wp-json\/wp\/v2\/types\/product"}],"version-history":[{"count":3,"href":"https:\/\/lagirlvenezuela.com\/LAG\/wp-json\/wp\/v2\/product\/4114\/revisions"}],"predecessor-version":[{"id":4165,"href":"https:\/\/lagirlvenezuela.com\/LAG\/wp-json\/wp\/v2\/product\/4114\/revisions\/4165"}],"wp:featuredmedia":[{"embeddable":true,"href":"https:\/\/lagirlvenezuela.com\/LAG\/wp-json\/wp\/v2\/media\/4126"}],"wp:attachment":[{"href":"https:\/\/lagirlvenezuela.com\/LAG\/wp-json\/wp\/v2\/media?parent=4114"}],"wp:term":[{"taxonomy":"product_brand","embeddable":true,"href":"https:\/\/lagirlvenezuela.com\/LAG\/wp-json\/wp\/v2\/product_brand?post=4114"},{"taxonomy":"product_cat","embeddable":true,"href":"https:\/\/lagirlvenezuela.com\/LAG\/wp-json\/wp\/v2\/product_cat?post=4114"},{"taxonomy":"product_tag","embeddable":true,"href":"https:\/\/lagirlvenezuela.com\/LAG\/wp-json\/wp\/v2\/product_tag?post=4114"}],"curies":[{"name":"wp","href":"https:\/\/api.w.org\/{rel}","templated":true}]}}