{"id":4209,"date":"2024-11-11T12:41:43","date_gmt":"2024-11-11T12:41:43","guid":{"rendered":"https:\/\/lagirlvenezuela.com\/LAG\/?post_type=product&#038;p=4209"},"modified":"2024-11-11T12:47:16","modified_gmt":"2024-11-11T12:47:16","slug":"tinta-de-maquillaje-ligera","status":"publish","type":"product","link":"https:\/\/lagirlvenezuela.com\/LAG\/base\/tinta-de-maquillaje-ligera\/","title":{"rendered":"Tinta de Maquillaje Ligera"},"content":{"rendered":"<p>Su acabado natural y modulable difumina las imperfecciones con una capa de color de ligera a media, perfeccionando tu rutina de maquillaje \u00absin maquillaje\u00bb. Repleto de ingredientes que cuidan la piel, como la glicerina, el pantenol, la vitamina E, el extracto de ra\u00edz de ginseng y el aceite de semilla de c\u00e1rtamo, tu piel quedar\u00e1 iluminada, hidratada y calmada, como si fuera un cuidado de la piel, una crema hidratante y una base de maquillaje en uno. Tan importantes como los ingredientes que hemos incluido son los que hemos omitido. Tinted Foundation es vegano, sin perfume, sin parabenos y sin crueldad.<\/p>\n<ul>\n<li>Acabado natural y modulable<\/li>\n<li>Cobertura de ligera a media<\/li>\n<li>Glicerina, pantenol, vitamina E, extracto de ra\u00edz de ginseng, aceite de semilla de c\u00e1rtamo<\/li>\n<li>Boquilla con punta de aguja para una aplicaci\u00f3n sin complicaciones<\/li>\n<li>Sin parabenos, sin crueldad y vegano<\/li>\n<\/ul>\n","protected":false},"excerpt":{"rendered":"<p>Su acabado natural y modulable difumina las imperfecciones con una capa de color de ligera a media, perfeccionando tu rutina de maquillaje \u00absin maquillaje\u00bb. Repleto de ingredientes que cuidan la piel, como la glicerina, el pantenol, la vitamina E, el extracto de ra\u00edz de ginseng y el aceite de semilla de c\u00e1rtamo, tu piel quedar\u00e1 [&hellip;]<\/p>\n","protected":false},"featured_media":4231,"template":"","meta":{"site-sidebar-layout":"default","site-content-layout":"default","ast-site-content-layout":"default","site-content-style":"default","site-sidebar-style":"default","ast-global-header-display":"","ast-banner-title-visibility":"","ast-main-header-display":"","ast-hfb-above-header-display":"","ast-hfb-below-header-display":"","ast-hfb-mobile-header-display":"","site-post-title":"","ast-breadcrumbs-content":"","ast-featured-img":"","footer-sml-layout":"","theme-transparent-header-meta":"default","adv-header-id-meta":"","stick-header-meta":"","header-above-stick-meta":"","header-main-stick-meta":"","header-below-stick-meta":"","astra-migrate-meta-layouts":"default","ast-page-background-enabled":"default","ast-page-background-meta":{"desktop":{"background-color":"","background-image":"","background-repeat":"repeat","background-position":"center center","background-size":"auto","background-attachment":"scroll","background-type":"","background-media":"","overlay-type":"","overlay-color":"","overlay-opacity":"","overlay-gradient":""},"tablet":{"background-color":"","background-image":"","background-repeat":"repeat","background-position":"center center","background-size":"auto","background-attachment":"scroll","background-type":"","background-media":"","overlay-type":"","overlay-color":"","overlay-opacity":"","overlay-gradient":""},"mobile":{"background-color":"","background-image":"","background-repeat":"repeat","background-position":"center center","background-size":"auto","background-attachment":"scroll","background-type":"","background-media":"","overlay-type":"","overlay-color":"","overlay-opacity":"","overlay-gradient":""}},"ast-content-background-meta":{"desktop":{"background-color":"var(--ast-global-color-5)","background-image":"","background-repeat":"repeat","background-position":"center center","background-size":"auto","background-attachment":"scroll","background-type":"","background-media":"","overlay-type":"","overlay-color":"","overlay-opacity":"","overlay-gradient":""},"tablet":{"background-color":"var(--ast-global-color-5)","background-image":"","background-repeat":"repeat","background-position":"center center","background-size":"auto","background-attachment":"scroll","background-type":"","background-media":"","overlay-type":"","overlay-color":"","overlay-opacity":"","overlay-gradient":""},"mobile":{"background-color":"var(--ast-global-color-5)","background-image":"","background-repeat":"repeat","background-position":"center center","background-size":"auto","background-attachment":"scroll","background-type":"","background-media":"","overlay-type":"","overlay-color":"","overlay-opacity":"","overlay-gradient":""}}},"product_brand":[],"product_cat":[230,56],"product_tag":[],"class_list":{"0":"post-4209","1":"product","2":"type-product","3":"status-publish","4":"has-post-thumbnail","6":"product_cat-base","7":"product_cat-rostro","8":"desktop-align-left","9":"tablet-align-left","10":"mobile-align-left","12":"first","13":"instock","14":"shipping-taxable","15":"product-type-variable"},"_links":{"self":[{"href":"https:\/\/lagirlvenezuela.com\/LAG\/wp-json\/wp\/v2\/product\/4209","targetHints":{"allow":["GET"]}}],"collection":[{"href":"https:\/\/lagirlvenezuela.com\/LAG\/wp-json\/wp\/v2\/product"}],"about":[{"href":"https:\/\/lagirlvenezuela.com\/LAG\/wp-json\/wp\/v2\/types\/product"}],"version-history":[{"count":3,"href":"https:\/\/lagirlvenezuela.com\/LAG\/wp-json\/wp\/v2\/product\/4209\/revisions"}],"predecessor-version":[{"id":4239,"href":"https:\/\/lagirlvenezuela.com\/LAG\/wp-json\/wp\/v2\/product\/4209\/revisions\/4239"}],"wp:featuredmedia":[{"embeddable":true,"href":"https:\/\/lagirlvenezuela.com\/LAG\/wp-json\/wp\/v2\/media\/4231"}],"wp:attachment":[{"href":"https:\/\/lagirlvenezuela.com\/LAG\/wp-json\/wp\/v2\/media?parent=4209"}],"wp:term":[{"taxonomy":"product_brand","embeddable":true,"href":"https:\/\/lagirlvenezuela.com\/LAG\/wp-json\/wp\/v2\/product_brand?post=4209"},{"taxonomy":"product_cat","embeddable":true,"href":"https:\/\/lagirlvenezuela.com\/LAG\/wp-json\/wp\/v2\/product_cat?post=4209"},{"taxonomy":"product_tag","embeddable":true,"href":"https:\/\/lagirlvenezuela.com\/LAG\/wp-json\/wp\/v2\/product_tag?post=4209"}],"curies":[{"name":"wp","href":"https:\/\/api.w.org\/{rel}","templated":true}]}}