{"id":4292,"date":"2024-11-11T14:18:55","date_gmt":"2024-11-11T14:18:55","guid":{"rendered":"https:\/\/lagirlvenezuela.com\/LAG\/?post_type=product&#038;p=4292"},"modified":"2024-11-11T14:18:56","modified_gmt":"2024-11-11T14:18:56","slug":"glitter","status":"publish","type":"product","link":"https:\/\/lagirlvenezuela.com\/LAG\/ojos\/glitter\/","title":{"rendered":"Glitter"},"content":{"rendered":"<p>Alimenta tu adicci\u00f3n al brillo con Glitterholic Glitter Toppers. La f\u00f3rmula de brillo multidimensional tiene una base incorporada que se mantiene sin el uso de adhesivos pegajosos. Est\u00e1 aprobado por la FDA, por lo que se puede aplicar con seguridad en el p\u00e1rpado, en el \u00e1ngulo interno o debajo de los ojos (\u00bfalguien quiere camuflar las ojeras?) para una dosis instant\u00e1nea de glamour. Una sola pasada y ser\u00e1s totalmente adicta al brillo.<\/p>\n<p>*No aplicar en el interior del ojo.<\/p>\n<ul>\n<li>Brillo multidimensional<\/li>\n<li>Base incorporada, no necesita adhesivo<\/li>\n<li>A\u00f1ade una dosis instant\u00e1nea de glamour<\/li>\n<li>\u00dasalo solo o sobre la sombra de ojos<\/li>\n<\/ul>\n","protected":false},"excerpt":{"rendered":"<p>Alimenta tu adicci\u00f3n al brillo con Glitterholic Glitter Toppers. La f\u00f3rmula de brillo multidimensional tiene una base incorporada que se mantiene sin el uso de adhesivos pegajosos. Est\u00e1 aprobado por la FDA, por lo que se puede aplicar con seguridad en el p\u00e1rpado, en el \u00e1ngulo interno o debajo de los ojos (\u00bfalguien quiere camuflar [&hellip;]<\/p>\n","protected":false},"featured_media":4293,"template":"","meta":{"site-sidebar-layout":"default","site-content-layout":"default","ast-site-content-layout":"default","site-content-style":"default","site-sidebar-style":"default","ast-global-header-display":"","ast-banner-title-visibility":"","ast-main-header-display":"","ast-hfb-above-header-display":"","ast-hfb-below-header-display":"","ast-hfb-mobile-header-display":"","site-post-title":"","ast-breadcrumbs-content":"","ast-featured-img":"","footer-sml-layout":"","theme-transparent-header-meta":"default","adv-header-id-meta":"","stick-header-meta":"","header-above-stick-meta":"","header-main-stick-meta":"","header-below-stick-meta":"","astra-migrate-meta-layouts":"default","ast-page-background-enabled":"default","ast-page-background-meta":{"desktop":{"background-color":"","background-image":"","background-repeat":"repeat","background-position":"center center","background-size":"auto","background-attachment":"scroll","background-type":"","background-media":"","overlay-type":"","overlay-color":"","overlay-opacity":"","overlay-gradient":""},"tablet":{"background-color":"","background-image":"","background-repeat":"repeat","background-position":"center center","background-size":"auto","background-attachment":"scroll","background-type":"","background-media":"","overlay-type":"","overlay-color":"","overlay-opacity":"","overlay-gradient":""},"mobile":{"background-color":"","background-image":"","background-repeat":"repeat","background-position":"center center","background-size":"auto","background-attachment":"scroll","background-type":"","background-media":"","overlay-type":"","overlay-color":"","overlay-opacity":"","overlay-gradient":""}},"ast-content-background-meta":{"desktop":{"background-color":"var(--ast-global-color-5)","background-image":"","background-repeat":"repeat","background-position":"center center","background-size":"auto","background-attachment":"scroll","background-type":"","background-media":"","overlay-type":"","overlay-color":"","overlay-opacity":"","overlay-gradient":""},"tablet":{"background-color":"var(--ast-global-color-5)","background-image":"","background-repeat":"repeat","background-position":"center center","background-size":"auto","background-attachment":"scroll","background-type":"","background-media":"","overlay-type":"","overlay-color":"","overlay-opacity":"","overlay-gradient":""},"mobile":{"background-color":"var(--ast-global-color-5)","background-image":"","background-repeat":"repeat","background-position":"center center","background-size":"auto","background-attachment":"scroll","background-type":"","background-media":"","overlay-type":"","overlay-color":"","overlay-opacity":"","overlay-gradient":""}}},"product_brand":[],"product_cat":[59],"product_tag":[],"class_list":{"0":"post-4292","1":"product","2":"type-product","3":"status-publish","4":"has-post-thumbnail","6":"product_cat-ojos","7":"desktop-align-left","8":"tablet-align-left","9":"mobile-align-left","11":"first","12":"instock","13":"shipping-taxable","14":"product-type-variable"},"_links":{"self":[{"href":"https:\/\/lagirlvenezuela.com\/LAG\/wp-json\/wp\/v2\/product\/4292","targetHints":{"allow":["GET"]}}],"collection":[{"href":"https:\/\/lagirlvenezuela.com\/LAG\/wp-json\/wp\/v2\/product"}],"about":[{"href":"https:\/\/lagirlvenezuela.com\/LAG\/wp-json\/wp\/v2\/types\/product"}],"version-history":[{"count":1,"href":"https:\/\/lagirlvenezuela.com\/LAG\/wp-json\/wp\/v2\/product\/4292\/revisions"}],"predecessor-version":[{"id":4315,"href":"https:\/\/lagirlvenezuela.com\/LAG\/wp-json\/wp\/v2\/product\/4292\/revisions\/4315"}],"wp:featuredmedia":[{"embeddable":true,"href":"https:\/\/lagirlvenezuela.com\/LAG\/wp-json\/wp\/v2\/media\/4293"}],"wp:attachment":[{"href":"https:\/\/lagirlvenezuela.com\/LAG\/wp-json\/wp\/v2\/media?parent=4292"}],"wp:term":[{"taxonomy":"product_brand","embeddable":true,"href":"https:\/\/lagirlvenezuela.com\/LAG\/wp-json\/wp\/v2\/product_brand?post=4292"},{"taxonomy":"product_cat","embeddable":true,"href":"https:\/\/lagirlvenezuela.com\/LAG\/wp-json\/wp\/v2\/product_cat?post=4292"},{"taxonomy":"product_tag","embeddable":true,"href":"https:\/\/lagirlvenezuela.com\/LAG\/wp-json\/wp\/v2\/product_tag?post=4292"}],"curies":[{"name":"wp","href":"https:\/\/api.w.org\/{rel}","templated":true}]}}