{"id":4330,"date":"2024-11-11T14:29:51","date_gmt":"2024-11-11T14:29:51","guid":{"rendered":"https:\/\/lagirlvenezuela.com\/LAG\/?post_type=product&#038;p=4330"},"modified":"2024-11-11T14:29:52","modified_gmt":"2024-11-11T14:29:52","slug":"gel-fijador","status":"publish","type":"product","link":"https:\/\/lagirlvenezuela.com\/LAG\/ojos\/gel-fijador\/","title":{"rendered":"Gel Fijador"},"content":{"rendered":"<p><span>\u00a1Set It! Clear Brow Gel fija las cejas para que luzcan lo mejor posible. La f\u00f3rmula liviana y sin fragancia cepilla las cejas para fijarlas en su lugar con una fijaci\u00f3n natural que nunca se siente pegajosa ni r\u00edgida. La varita de precisi\u00f3n es universalmente pr\u00e1ctica para todo tipo de cejas y te brinda un control total. Apl\u00edcalo despu\u00e9s de tu producto para cejas favorito para fijar el color o, en d\u00edas de maquillaje natural, cepilla las cejas para fijarlas en su lugar para lograr un look sin complicaciones y en movimiento. Ahora todos los d\u00edas pueden ser un buen d\u00eda para las cejas.<\/span><\/p>\n<ul>\n<li><span>F\u00f3rmula no pegajosa y sin fragancia.<\/span><\/li>\n<li><span>Fijaci\u00f3n ligera y natural.<\/span><\/li>\n<li><span>Varita de precisi\u00f3n para cejas<\/span><\/li>\n<li><span>Sin crueldad animal, sin parabenos y vegano.<\/span><\/li>\n<\/ul>\n","protected":false},"excerpt":{"rendered":"<p>\u00a1Set It! Clear Brow Gel fija las cejas para que luzcan lo mejor posible. La f\u00f3rmula liviana y sin fragancia cepilla las cejas para fijarlas en su lugar con una fijaci\u00f3n natural que nunca se siente pegajosa ni r\u00edgida. La varita de precisi\u00f3n es universalmente pr\u00e1ctica para todo tipo de cejas y te brinda un [&hellip;]<\/p>\n","protected":false},"featured_media":4332,"template":"","meta":{"site-sidebar-layout":"default","site-content-layout":"default","ast-site-content-layout":"default","site-content-style":"default","site-sidebar-style":"default","ast-global-header-display":"","ast-banner-title-visibility":"","ast-main-header-display":"","ast-hfb-above-header-display":"","ast-hfb-below-header-display":"","ast-hfb-mobile-header-display":"","site-post-title":"","ast-breadcrumbs-content":"","ast-featured-img":"","footer-sml-layout":"","theme-transparent-header-meta":"default","adv-header-id-meta":"","stick-header-meta":"","header-above-stick-meta":"","header-main-stick-meta":"","header-below-stick-meta":"","astra-migrate-meta-layouts":"default","ast-page-background-enabled":"default","ast-page-background-meta":{"desktop":{"background-color":"","background-image":"","background-repeat":"repeat","background-position":"center center","background-size":"auto","background-attachment":"scroll","background-type":"","background-media":"","overlay-type":"","overlay-color":"","overlay-opacity":"","overlay-gradient":""},"tablet":{"background-color":"","background-image":"","background-repeat":"repeat","background-position":"center center","background-size":"auto","background-attachment":"scroll","background-type":"","background-media":"","overlay-type":"","overlay-color":"","overlay-opacity":"","overlay-gradient":""},"mobile":{"background-color":"","background-image":"","background-repeat":"repeat","background-position":"center center","background-size":"auto","background-attachment":"scroll","background-type":"","background-media":"","overlay-type":"","overlay-color":"","overlay-opacity":"","overlay-gradient":""}},"ast-content-background-meta":{"desktop":{"background-color":"var(--ast-global-color-5)","background-image":"","background-repeat":"repeat","background-position":"center center","background-size":"auto","background-attachment":"scroll","background-type":"","background-media":"","overlay-type":"","overlay-color":"","overlay-opacity":"","overlay-gradient":""},"tablet":{"background-color":"var(--ast-global-color-5)","background-image":"","background-repeat":"repeat","background-position":"center center","background-size":"auto","background-attachment":"scroll","background-type":"","background-media":"","overlay-type":"","overlay-color":"","overlay-opacity":"","overlay-gradient":""},"mobile":{"background-color":"var(--ast-global-color-5)","background-image":"","background-repeat":"repeat","background-position":"center center","background-size":"auto","background-attachment":"scroll","background-type":"","background-media":"","overlay-type":"","overlay-color":"","overlay-opacity":"","overlay-gradient":""}}},"product_brand":[],"product_cat":[59],"product_tag":[],"class_list":{"0":"post-4330","1":"product","2":"type-product","3":"status-publish","4":"has-post-thumbnail","6":"product_cat-ojos","7":"desktop-align-left","8":"tablet-align-left","9":"mobile-align-left","11":"first","12":"instock","13":"shipping-taxable","14":"product-type-simple"},"_links":{"self":[{"href":"https:\/\/lagirlvenezuela.com\/LAG\/wp-json\/wp\/v2\/product\/4330","targetHints":{"allow":["GET"]}}],"collection":[{"href":"https:\/\/lagirlvenezuela.com\/LAG\/wp-json\/wp\/v2\/product"}],"about":[{"href":"https:\/\/lagirlvenezuela.com\/LAG\/wp-json\/wp\/v2\/types\/product"}],"version-history":[{"count":1,"href":"https:\/\/lagirlvenezuela.com\/LAG\/wp-json\/wp\/v2\/product\/4330\/revisions"}],"predecessor-version":[{"id":4333,"href":"https:\/\/lagirlvenezuela.com\/LAG\/wp-json\/wp\/v2\/product\/4330\/revisions\/4333"}],"wp:featuredmedia":[{"embeddable":true,"href":"https:\/\/lagirlvenezuela.com\/LAG\/wp-json\/wp\/v2\/media\/4332"}],"wp:attachment":[{"href":"https:\/\/lagirlvenezuela.com\/LAG\/wp-json\/wp\/v2\/media?parent=4330"}],"wp:term":[{"taxonomy":"product_brand","embeddable":true,"href":"https:\/\/lagirlvenezuela.com\/LAG\/wp-json\/wp\/v2\/product_brand?post=4330"},{"taxonomy":"product_cat","embeddable":true,"href":"https:\/\/lagirlvenezuela.com\/LAG\/wp-json\/wp\/v2\/product_cat?post=4330"},{"taxonomy":"product_tag","embeddable":true,"href":"https:\/\/lagirlvenezuela.com\/LAG\/wp-json\/wp\/v2\/product_tag?post=4330"}],"curies":[{"name":"wp","href":"https:\/\/api.w.org\/{rel}","templated":true}]}}